{"id":26,"date":"2008-07-24T10:26:01","date_gmt":"2008-07-24T08:26:01","guid":{"rendered":"http:\/\/www.david-web.net\/?page_id=26"},"modified":"2015-01-19T22:37:56","modified_gmt":"2015-01-19T20:37:56","slug":"impressum","status":"publish","type":"page","link":"https:\/\/www.david-web.net\/?page_id=26","title":{"rendered":"Impressum"},"content":{"rendered":"<h1>Impressum<\/h1>\n<h2>F\u00fcr: www.david-web.net<\/h2>\n<p>Gem\u00e4\u00df \u00a7 28 BDSG widerspreche ich jeder kommerziellen Verwendung und Weitergabe meiner Daten.<\/p>\n<p><strong>Verantwortungsbereich<\/strong>: Das Impressum gilt nur f\u00fcr die Internetpr\u00e4senz unter der Adresse:  http:\/\/www.david-web.net<\/p>\n<p><strong>Verantwortliche Ansprechperson<\/strong>: Sebastian David<\/p>\n<p><strong>Anschrift<\/strong>: Am Kr\u00e4henwald 8a, 21465 Reinbek<\/p>\n<p><a name=\"eins\"><strong>Email<\/strong><\/a>: eisatta(bei)web.de<\/p>\n<p><strong>Telefon:<\/strong> +49 40 180 70 352<\/p>\n<p><strong>Zweck<\/strong> dieses Webprojektes:  Privater Blog \u00fcber Dinge, die mich besch\u00e4ftigen<\/p>\n<p><strong>Inhaltlich Verantwortlicher<\/strong> gem\u00e4\u00df \u00a7 55 Abs. 2 RStV: Sebastian David (Anschrift wie oben)<\/p>\n<p><strong>Datenschutz<\/strong> Personenbezogene Daten werden nur mit Ihrem Wissen und Ihrer Einwilligung erhoben. Auf Antrag erhalten Sie unentgeltlich Auskunft zu den \u00fcber Sie gespeicherten personenbezogenen Daten. Wenden Sie sich dazu bitte an: Sebastian David eisatta(bei)web.de<\/p>\n<p><strong>Keine Haftung<\/strong>: Die Inhalte dieses Webprojektes wurden sorgf\u00e4ltig gepr\u00fcft und nach bestem Wissen erstellt. Aber f\u00fcr die hier dargebotenen Informationen wird kein Anspruch auf Vollst\u00e4ndigkeit, Aktualit\u00e4t, Qualit\u00e4t und Richtigkeit erhoben. Es kann keine Verantwortung f\u00fcr Sch\u00e4den \u00fcbernommen werden, die durch das Vertrauen auf die Inhalte dieser Website oder deren Gebrauch entstehen.<\/p>\n<p>Diese private Homepage verfolgt keinerlei kommerzielle Absichten. Falls Sie ein rechtliches oder anders geartetes Problem mit diesen Seiten haben, dann melden Sie sich bitte.<\/p>\n<p><strong>Schutzrechtsverletzung<\/strong>: Falls Sie vermuten, dass von dieser Website aus eines Ihrer Schutzrechte verletzt wird, teilen Sie das bitte umgehend per email mit, damit z\u00fcgig Abhilfe geschafft werden kann. Bitte nehmen Sie zur Kenntnis: Die zeitaufw\u00e4ndigere Einschaltung eines Anwaltes zur kostenpflichtigen Abmahnung des Inhabers von www.david-web.net oder um den Inhaber von www.david-web.net aufzufordern, ein streitiges Element zu entfernen, entspricht nicht dessen wirklichen oder mutma\u00dflichen Willen. Etwaige entstehende Kosten &#8211; z.B. im Rahmen der Gesch\u00e4ftsf\u00fchrung ohne Auftrag &#8211; sind daher nicht erstattungsf\u00e4hig.<\/p>\n<p><strong>Kommentarfunktion<\/strong><br \/>\nDie Kommentarfunktion soll eine Diskussion der angesprochenen Themen erm\u00f6glichen. Die dortigen Beitr\u00e4ge geben ausschlie\u00dflich die Auffassung der jeweiligen Verfasser wieder. Ich behalte mir vor, Beitr\u00e4ge zu l\u00f6schen. Soweit Links auf externe Seiten f\u00fchren, bedeutet dies nicht, dass ich mir den dortigen Inhalt zu Eigen mache. Trotz sorgf\u00e4ltiger inhaltlicher Kontrolle \u00fcbernehme ich keine Haftung f\u00fcr die Inhalte externer Links. F\u00fcr den Inhalt der verlinkten Seiten sind ausschlie\u00dflich deren Betreiber verantwortlich.<\/p>\n","protected":false},"excerpt":{"rendered":"<p>Impressum F\u00fcr: www.david-web.net Gem\u00e4\u00df \u00a7 28 BDSG widerspreche ich jeder kommerziellen Verwendung und Weitergabe meiner Daten. Verantwortungsbereich: Das Impressum gilt nur f\u00fcr die Internetpr\u00e4senz unter der Adresse: http:\/\/www.david-web.net Verantwortliche Ansprechperson: Sebastian David Anschrift: Am Kr\u00e4henwald 8a, 21465 Reinbek Email: eisatta(bei)web.de Telefon: +49 40 180 70 352 Zweck dieses Webprojektes: Privater Blog \u00fcber Dinge, die mich [&hellip;]<\/p>\n","protected":false},"author":1,"featured_media":0,"parent":0,"menu_order":0,"comment_status":"open","ping_status":"open","template":"","meta":[],"_links":{"self":[{"href":"https:\/\/www.david-web.net\/index.php?rest_route=\/wp\/v2\/pages\/26"}],"collection":[{"href":"https:\/\/www.david-web.net\/index.php?rest_route=\/wp\/v2\/pages"}],"about":[{"href":"https:\/\/www.david-web.net\/index.php?rest_route=\/wp\/v2\/types\/page"}],"author":[{"embeddable":true,"href":"https:\/\/www.david-web.net\/index.php?rest_route=\/wp\/v2\/users\/1"}],"replies":[{"embeddable":true,"href":"https:\/\/www.david-web.net\/index.php?rest_route=%2Fwp%2Fv2%2Fcomments&post=26"}],"version-history":[{"count":3,"href":"https:\/\/www.david-web.net\/index.php?rest_route=\/wp\/v2\/pages\/26\/revisions"}],"predecessor-version":[{"id":373,"href":"https:\/\/www.david-web.net\/index.php?rest_route=\/wp\/v2\/pages\/26\/revisions\/373"}],"wp:attachment":[{"href":"https:\/\/www.david-web.net\/index.php?rest_route=%2Fwp%2Fv2%2Fmedia&parent=26"}],"curies":[{"name":"wp","href":"https:\/\/api.w.org\/{rel}","templated":true}]}}